{"id":3,"date":"2024-01-15T08:08:22","date_gmt":"2024-01-15T08:08:22","guid":{"rendered":"https:\/\/pasticceriatiffany.net\/tiffany\/?page_id=3"},"modified":"2024-02-27T11:27:58","modified_gmt":"2024-02-27T11:27:58","slug":"privacy-policy","status":"publish","type":"page","link":"https:\/\/pasticceriatiffany.net\/index.php\/privacy-policy\/","title":{"rendered":"Privacy Policy"},"content":{"rendered":"\n<h2 class=\"wp-block-heading\">Informativa privacy ai sensi degli artt. 13-14 del Regolamento Europeo \u201cPrivacy\u201d (GDPR)<\/h2>\n\n\n\n<p>I dati personali da Lei inseriti, sono trattati da Pasticceria Tiffany &#8211; Via Redipuglia 1 &#8211; 31100 Treviso (TV) &#8211; +390422400071 in qualit\u00e0 di Titolare, per finalit\u00e0 connesse alla fornitura dei servizi da Lei richiesti (a titolo esemplificativo: richiedere informazioni, registrarsi al sito per ricevere vantaggi e offerte, ottenere preventivi, effettuare pagamenti, acquistare beni e riceverli presso un domicilio da Lei indicato, effettuare una prenotazione, scambiare documenti).<\/p>\n\n\n\n<p>Inoltre, i dati da Lei forniti, potrebbero essere trattati, solo su Suo esplicito consenso, al fine di inviarLe comunicazioni di natura commerciale via email o sms relativamente ai servizi offerti dal Titolare.<\/p>\n\n\n\n<p>Nel primo caso, la base giuridica del trattamento \u00e8 l\u2019esecuzione di un accordo; nel secondo caso \u00e8 il consenso. I trattamenti avverranno con modalit\u00e0 elettroniche e verranno messi a disposizione delle terze parti (Responsabili Esterni del trattamento) nell\u2019ambito dell\u2019Unione Europea o in Paesi extra UE, regolarmente contrattualizzate e che offrono adeguate garanzie di sicurezza, necessarie per la fornitura di servizi essenziali al soddisfacimento delle Sue esigenze. Tali Responsabili Esterni, il cui elenco \u00e8 disponibile dietro richiesta, possono appartenere a categorie di soggetti che supportano il Titolare nell\u2019erogazione dei servizi offerti tramite il presente sito (quali, a titolo esemplificativo: sviluppatori software e gestori di siti web, spedizionieri).<\/p>\n\n\n\n<p>Inoltre saranno trattati per finalit\u00e0 di analisi statistiche e di marketing diretto, in maniera anonima, come meglio specificato dalla cookie policy. Trattasi pertanto di trattamenti legittimi e necessari ad assicurarLe un servizio che risponda alle Sue aspettative. I dati saranno conservati per tutta la durata dei servizi da Lei richiesti o per periodi superiori solo se previsti dalle norme. In ogni momento Lei potr\u00e0 esercitare i diritti previsti agli articoli 15-22 del GDPR contattando il titolare del presente sito.<\/p>\n\n\n\n<p>Per modificare o cancellare i soli dati che sono archiviati sui sistemi che erogano il presente sito,&nbsp;<a>cliccare qui<\/a>. Le informazioni da lei inserite nel form (compreso il suo indirizzo email) potranno essere comunicate a una societ\u00e0 terza che agir\u00e0 in qualit\u00e0 di Responsabile esterno e che supporta il Titolare nella gestione del sito e nell\u2019evasione della sua richiesta.<\/p>\n\n\n\n<p>Nel caso di richiesta di cancellazione dei suoi dati, La informiamo che potrebbe non essere pi\u00f9 possibile continuare a fornirLe il servizio richiestoci.<\/p>\n\n\n\n<p>La informiamo, infine, che potr\u00e0 proporre reclamo all\u2019Autorit\u00e0 Garante per la Protezione dei Dati, qualora ritenesse siano stati violati i suoi diritti.<\/p>\n","protected":false},"excerpt":{"rendered":"<p>Informativa privacy ai sensi degli artt. 13-14 del Regolamento Europeo \u201cPrivacy\u201d (GDPR) I dati personali da Lei inseriti, sono trattati da Pasticceria Tiffany &#8211; Via Redipuglia 1 &#8211; 31100 Treviso (TV) &#8211; +390422400071 in qualit\u00e0 di Titolare, per finalit\u00e0 connesse alla fornitura dei servizi da Lei richiesti (a titolo esemplificativo: richiedere informazioni, registrarsi al sito [&hellip;]<\/p>\n","protected":false},"author":1,"featured_media":0,"parent":0,"menu_order":0,"comment_status":"closed","ping_status":"closed","template":"","meta":{"footnotes":""},"yoast_head":"<!-- This site is optimized with the Yoast SEO plugin v22.3 - https:\/\/yoast.com\/wordpress\/plugins\/seo\/ -->\n<title>Privacy Policy - Tiffany<\/title>\n<meta name=\"robots\" content=\"index, follow, max-snippet:-1, max-image-preview:large, max-video-preview:-1\" \/>\n<link rel=\"canonical\" href=\"https:\/\/pasticceriatiffany.net\/index.php\/privacy-policy\/\" \/>\n<meta property=\"og:locale\" content=\"it_IT\" \/>\n<meta property=\"og:type\" content=\"article\" \/>\n<meta property=\"og:title\" content=\"Privacy Policy - Tiffany\" \/>\n<meta property=\"og:description\" content=\"Informativa privacy ai sensi degli artt. 13-14 del Regolamento Europeo \u201cPrivacy\u201d (GDPR) I dati personali da Lei inseriti, sono trattati da Pasticceria Tiffany &#8211; Via Redipuglia 1 &#8211; 31100 Treviso (TV) &#8211; +390422400071 in qualit\u00e0 di Titolare, per finalit\u00e0 connesse alla fornitura dei servizi da Lei richiesti (a titolo esemplificativo: richiedere informazioni, registrarsi al sito [&hellip;]\" \/>\n<meta property=\"og:url\" content=\"https:\/\/pasticceriatiffany.net\/index.php\/privacy-policy\/\" \/>\n<meta property=\"og:site_name\" content=\"Tiffany\" \/>\n<meta property=\"article:modified_time\" content=\"2024-02-27T11:27:58+00:00\" \/>\n<meta name=\"twitter:card\" content=\"summary_large_image\" \/>\n<meta name=\"twitter:label1\" content=\"Tempo di lettura stimato\" \/>\n\t<meta name=\"twitter:data1\" content=\"2 minuti\" \/>\n<script type=\"application\/ld+json\" class=\"yoast-schema-graph\">{\"@context\":\"https:\/\/schema.org\",\"@graph\":[{\"@type\":\"WebPage\",\"@id\":\"https:\/\/pasticceriatiffany.net\/index.php\/privacy-policy\/\",\"url\":\"https:\/\/pasticceriatiffany.net\/index.php\/privacy-policy\/\",\"name\":\"Privacy Policy - Tiffany\",\"isPartOf\":{\"@id\":\"https:\/\/pasticceriatiffany.net\/#website\"},\"datePublished\":\"2024-01-15T08:08:22+00:00\",\"dateModified\":\"2024-02-27T11:27:58+00:00\",\"breadcrumb\":{\"@id\":\"https:\/\/pasticceriatiffany.net\/index.php\/privacy-policy\/#breadcrumb\"},\"inLanguage\":\"it-IT\",\"potentialAction\":[{\"@type\":\"ReadAction\",\"target\":[\"https:\/\/pasticceriatiffany.net\/index.php\/privacy-policy\/\"]}]},{\"@type\":\"BreadcrumbList\",\"@id\":\"https:\/\/pasticceriatiffany.net\/index.php\/privacy-policy\/#breadcrumb\",\"itemListElement\":[{\"@type\":\"ListItem\",\"position\":1,\"name\":\"Home\",\"item\":\"https:\/\/pasticceriatiffany.net\/\"},{\"@type\":\"ListItem\",\"position\":2,\"name\":\"Privacy Policy\"}]},{\"@type\":\"WebSite\",\"@id\":\"https:\/\/pasticceriatiffany.net\/#website\",\"url\":\"https:\/\/pasticceriatiffany.net\/\",\"name\":\"Pasticceria Tiffany\",\"description\":\"Gelateria Pasticceria Caffetteria\",\"publisher\":{\"@id\":\"https:\/\/pasticceriatiffany.net\/#organization\"},\"potentialAction\":[{\"@type\":\"SearchAction\",\"target\":{\"@type\":\"EntryPoint\",\"urlTemplate\":\"https:\/\/pasticceriatiffany.net\/?s={search_term_string}\"},\"query-input\":\"required name=search_term_string\"}],\"inLanguage\":\"it-IT\"},{\"@type\":\"Organization\",\"@id\":\"https:\/\/pasticceriatiffany.net\/#organization\",\"name\":\"Tiffany\",\"url\":\"https:\/\/pasticceriatiffany.net\/\",\"logo\":{\"@type\":\"ImageObject\",\"inLanguage\":\"it-IT\",\"@id\":\"https:\/\/pasticceriatiffany.net\/#\/schema\/logo\/image\/\",\"url\":\"https:\/\/pasticceriatiffany.net\/wp-content\/uploads\/2024\/01\/cropped-logo_definitivo-1.png\",\"contentUrl\":\"https:\/\/pasticceriatiffany.net\/wp-content\/uploads\/2024\/01\/cropped-logo_definitivo-1.png\",\"width\":2080,\"height\":688,\"caption\":\"Tiffany\"},\"image\":{\"@id\":\"https:\/\/pasticceriatiffany.net\/#\/schema\/logo\/image\/\"}}]}<\/script>\n<!-- \/ Yoast SEO plugin. -->","yoast_head_json":{"title":"Privacy Policy - Tiffany","robots":{"index":"index","follow":"follow","max-snippet":"max-snippet:-1","max-image-preview":"max-image-preview:large","max-video-preview":"max-video-preview:-1"},"canonical":"https:\/\/pasticceriatiffany.net\/index.php\/privacy-policy\/","og_locale":"it_IT","og_type":"article","og_title":"Privacy Policy - Tiffany","og_description":"Informativa privacy ai sensi degli artt. 13-14 del Regolamento Europeo \u201cPrivacy\u201d (GDPR) I dati personali da Lei inseriti, sono trattati da Pasticceria Tiffany &#8211; Via Redipuglia 1 &#8211; 31100 Treviso (TV) &#8211; +390422400071 in qualit\u00e0 di Titolare, per finalit\u00e0 connesse alla fornitura dei servizi da Lei richiesti (a titolo esemplificativo: richiedere informazioni, registrarsi al sito [&hellip;]","og_url":"https:\/\/pasticceriatiffany.net\/index.php\/privacy-policy\/","og_site_name":"Tiffany","article_modified_time":"2024-02-27T11:27:58+00:00","twitter_card":"summary_large_image","twitter_misc":{"Tempo di lettura stimato":"2 minuti"},"schema":{"@context":"https:\/\/schema.org","@graph":[{"@type":"WebPage","@id":"https:\/\/pasticceriatiffany.net\/index.php\/privacy-policy\/","url":"https:\/\/pasticceriatiffany.net\/index.php\/privacy-policy\/","name":"Privacy Policy - Tiffany","isPartOf":{"@id":"https:\/\/pasticceriatiffany.net\/#website"},"datePublished":"2024-01-15T08:08:22+00:00","dateModified":"2024-02-27T11:27:58+00:00","breadcrumb":{"@id":"https:\/\/pasticceriatiffany.net\/index.php\/privacy-policy\/#breadcrumb"},"inLanguage":"it-IT","potentialAction":[{"@type":"ReadAction","target":["https:\/\/pasticceriatiffany.net\/index.php\/privacy-policy\/"]}]},{"@type":"BreadcrumbList","@id":"https:\/\/pasticceriatiffany.net\/index.php\/privacy-policy\/#breadcrumb","itemListElement":[{"@type":"ListItem","position":1,"name":"Home","item":"https:\/\/pasticceriatiffany.net\/"},{"@type":"ListItem","position":2,"name":"Privacy Policy"}]},{"@type":"WebSite","@id":"https:\/\/pasticceriatiffany.net\/#website","url":"https:\/\/pasticceriatiffany.net\/","name":"Pasticceria Tiffany","description":"Gelateria Pasticceria Caffetteria","publisher":{"@id":"https:\/\/pasticceriatiffany.net\/#organization"},"potentialAction":[{"@type":"SearchAction","target":{"@type":"EntryPoint","urlTemplate":"https:\/\/pasticceriatiffany.net\/?s={search_term_string}"},"query-input":"required name=search_term_string"}],"inLanguage":"it-IT"},{"@type":"Organization","@id":"https:\/\/pasticceriatiffany.net\/#organization","name":"Tiffany","url":"https:\/\/pasticceriatiffany.net\/","logo":{"@type":"ImageObject","inLanguage":"it-IT","@id":"https:\/\/pasticceriatiffany.net\/#\/schema\/logo\/image\/","url":"https:\/\/pasticceriatiffany.net\/wp-content\/uploads\/2024\/01\/cropped-logo_definitivo-1.png","contentUrl":"https:\/\/pasticceriatiffany.net\/wp-content\/uploads\/2024\/01\/cropped-logo_definitivo-1.png","width":2080,"height":688,"caption":"Tiffany"},"image":{"@id":"https:\/\/pasticceriatiffany.net\/#\/schema\/logo\/image\/"}}]}},"_links":{"self":[{"href":"https:\/\/pasticceriatiffany.net\/index.php\/wp-json\/wp\/v2\/pages\/3"}],"collection":[{"href":"https:\/\/pasticceriatiffany.net\/index.php\/wp-json\/wp\/v2\/pages"}],"about":[{"href":"https:\/\/pasticceriatiffany.net\/index.php\/wp-json\/wp\/v2\/types\/page"}],"author":[{"embeddable":true,"href":"https:\/\/pasticceriatiffany.net\/index.php\/wp-json\/wp\/v2\/users\/1"}],"replies":[{"embeddable":true,"href":"https:\/\/pasticceriatiffany.net\/index.php\/wp-json\/wp\/v2\/comments?post=3"}],"version-history":[{"count":1,"href":"https:\/\/pasticceriatiffany.net\/index.php\/wp-json\/wp\/v2\/pages\/3\/revisions"}],"predecessor-version":[{"id":458,"href":"https:\/\/pasticceriatiffany.net\/index.php\/wp-json\/wp\/v2\/pages\/3\/revisions\/458"}],"wp:attachment":[{"href":"https:\/\/pasticceriatiffany.net\/index.php\/wp-json\/wp\/v2\/media?parent=3"}],"curies":[{"name":"wp","href":"https:\/\/api.w.org\/{rel}","templated":true}]}}